{"id":29,"date":"2013-10-31T17:51:26","date_gmt":"2013-10-31T17:51:26","guid":{"rendered":"https:\/\/aquilespriester.com\/site\/?page_id=29"},"modified":"2025-07-20T04:36:10","modified_gmt":"2025-07-20T04:36:10","slug":"contatos","status":"publish","type":"page","link":"https:\/\/aquilespriester.com\/site\/contatos\/","title":{"rendered":"Contatos"},"content":{"rendered":"<h1>Contatos<\/h1>\n<h3>AULAS COM AQUILES PRIESTER\u00a0NA BEG &#8211; ESCOLA DE M\u00daSICA E ARTES<\/h3>\n<p>BEG &#8211; ESCOLA DE M\u00daSICA E ARTES<br \/>\nRua Manuel Madruga, 93 &#8211; Moinho Velho<br \/>\nFreguesia do \u00d3<\/p>\n<p>Telefone\u00a0(11) 3977-0066<\/p>\n<hr noshade=\"noshade\" size=\"1\" \/>\n<h3>WORKSHOPS, MASTERCLASS<\/h3>\n<p>Entre em contato diretamente com Aquiles Priester atrav\u00e9s do e-mail:<br \/>\n<a href=\"mailto:contato@aquilespriester.com\" target=\"_blank\" rel=\"noopener noreferrer\">contato@aquilespriester.com<\/a><\/p>\n<hr noshade=\"noshade\" size=\"1\" \/>\n<h3>AULAS PARTICULARES\/MASTERCLASS EM SUA CIDADE<\/h3>\n<p>Fa\u00e7a aulas individuais e\/ou Master Class com Aquiles Priester em sua cidade. Condi\u00e7\u00f5es acess\u00edveis para pacotes de aulas bimestrais ou trimestrais. Assuntos abordados:<\/p>\n<p>&#8211; Aplica\u00e7\u00e3o de rudimentos<br \/>\n&#8211; Estudo com metr\u00f4nomo<br \/>\n&#8211; Pr\u00e1tica com playbacks<br \/>\n&#8211; Resist\u00eancia &amp; Velocidade<br \/>\n&#8211; Independ\u00eancia &amp; Leitura<br \/>\n&#8211; Prepara\u00e7\u00e3o para grava\u00e7\u00f5es<\/p>\n<p>Para mais informa\u00e7\u00f5es, entre em contato diretamente com Aquiles Priester atrav\u00e9s do e-mail:<br \/>\n<a href=\"mailto:contato@aquilespriester.com\" target=\"_blank\" rel=\"noopener noreferrer\">contato@aquilespriester.com<\/a><\/p>\n<hr noshade=\"noshade\" size=\"1\" \/>\n<h3>LINKS RELACIONADOS<\/h3>\n<p>FACEBOOK AQUILES PRIESTER<br \/>\n<a href=\"https:\/\/www.facebook.com\/aquilespriester\" target=\"_blank\" rel=\"noopener noreferrer\">www.facebook.com\/aquilespriester<\/a><\/p>\n<p>TWITTER AQUILES PRIESTER<br \/>\n<a href=\"https:\/\/x.com\/aquilespriester\" target=\"_blank\" rel=\"noopener noreferrer\">www.x.com\/aquilespriester<\/a><\/p>\n<p>WEBSITE OFICIAL HANGAR<br \/>\n<a href=\"http:\/\/www.hangar.mus.br\/\" target=\"_blank\" rel=\"noopener noreferrer\">www.hangar.mus.br<\/a><\/p>\n<hr noshade=\"noshade\" size=\"1\" \/>\n<h3>PROBLEMAS COM O SITE<\/h3>\n<p>webmaster: Jo\u00e3o Duarte<br \/>\n<a href=\"mailto:jduartedesign@yahoo.com.br\">jduartedesign@yahoo.com.br<\/a><br \/>\n<a href=\"https:\/\/www.jduartedesign.com\/\">www.jduartedesign.com<\/a><\/p>\n","protected":false},"excerpt":{"rendered":"<p>Contatos AULAS COM AQUILES PRIESTER\u00a0NA BEG &#8211; ESCOLA DE M\u00daSICA E ARTES BEG &#8211; ESCOLA DE M\u00daSICA E ARTES Rua Manuel Madruga, 93 &#8211; Moinho Velho Freguesia do \u00d3 Telefone\u00a0(11) 3977-0066 WORKSHOPS, MASTERCLASS Entre em contato diretamente com Aquiles Priester atrav\u00e9s do e-mail: contato@aquilespriester.com AULAS PARTICULARES\/MASTERCLASS EM SUA CIDADE Fa\u00e7a aulas individuais e\/ou Master Class [&hellip;]<\/p>\n","protected":false},"author":2,"featured_media":0,"parent":0,"menu_order":0,"comment_status":"open","ping_status":"open","template":"","meta":{"footnotes":""},"class_list":["post-29","page","type-page","status-publish","hentry"],"_links":{"self":[{"href":"https:\/\/aquilespriester.com\/site\/wp-json\/wp\/v2\/pages\/29","targetHints":{"allow":["GET"]}}],"collection":[{"href":"https:\/\/aquilespriester.com\/site\/wp-json\/wp\/v2\/pages"}],"about":[{"href":"https:\/\/aquilespriester.com\/site\/wp-json\/wp\/v2\/types\/page"}],"author":[{"embeddable":true,"href":"https:\/\/aquilespriester.com\/site\/wp-json\/wp\/v2\/users\/2"}],"replies":[{"embeddable":true,"href":"https:\/\/aquilespriester.com\/site\/wp-json\/wp\/v2\/comments?post=29"}],"version-history":[{"count":9,"href":"https:\/\/aquilespriester.com\/site\/wp-json\/wp\/v2\/pages\/29\/revisions"}],"predecessor-version":[{"id":8182,"href":"https:\/\/aquilespriester.com\/site\/wp-json\/wp\/v2\/pages\/29\/revisions\/8182"}],"wp:attachment":[{"href":"https:\/\/aquilespriester.com\/site\/wp-json\/wp\/v2\/media?parent=29"}],"curies":[{"name":"wp","href":"https:\/\/api.w.org\/{rel}","templated":true}]}}